{"id":431,"date":"2025-12-10T16:06:26","date_gmt":"2025-12-10T16:06:26","guid":{"rendered":"https:\/\/xn--bewhrt-dua.ch\/datenschutz\/"},"modified":"2025-12-18T09:39:04","modified_gmt":"2025-12-18T09:39:04","slug":"datenschutz","status":"publish","type":"page","link":"https:\/\/xn--bewhrt-dua.ch\/fr\/datenschutz\/","title":{"rendered":"Datenschutzerkl\u00e4rung"},"content":{"rendered":"\t<div class=\"bg-hero bg-hero--secondary relative py-16 lg:py-20 text-center w-full px-5\" style=\"background-color: rgb(118,184,43);\">\n\t\t<div class=\"bg-hero__content max-w-[1220px] mx-auto flex flex-col items-center gap-4\">\n\t\t\t\t\t\t\t\t\t\t<h2 class=\"bg-hero__title bg-heading-hero-secondary text-brand-white\">\n\t\t\t\t\tDatenschutz\t\t\t\t<\/h2>\n\t\t\t\t\t\t\t\t\t\t<div class=\"bg-hero__line h-1 w-20 rounded-full\" style=\"background-color: rgb(30,58,138);\"><\/div>\n\t\t\t\t\t\t\t\t<\/div>\n\t<\/div>\n\t\n\n\n<div class=\"bg-wrapper px-5 w-full bg-cards__block wp-block-acf-wrapper\" style=\"background-color: rgb(249,250,251);\" >\n\t<div class=\"bg-wrapper__inner max-w-[1220px] mx-auto py-8 lg:py-12\">\n\t\t<div class=\"acf-innerblocks-container\">\n\n<p><strong>Datenschutz und Kontakt<\/strong><\/p>\n\n\n\n<p>Als Betreiber dieser Seite ist uns der Schutz Ihrer pers\u00f6nlichen Daten wichtig. Ihre personenbezogenen Daten behandeln wir vertraulich und entsprechend dieser Datenschutzerkl\u00e4rung unter Einhaltung der gesetzlichen Datenschutzvorschriften. Die Nutzung unserer Website ist in der Regel ohne Angabe personenbezogener Daten m\u00f6glich. Soweit auf unseren Seiten personenbezogene Daten (z. B. Name, Anschrift oder E-Mail-Adressen) erhoben werden, erfolgt dies, soweit m\u00f6glich, stets auf freiwilliger Basis. Diese Daten werden gem\u00e4ss dieser Datenschutzerkl\u00e4rung teilweise an Dritte weitergegeben. Wir weisen darauf hin, dass die Daten\u00fcbertragung im Internet (z.B. bei der Kommunikation per E-Mail) Sicherheitsl\u00fccken aufweisen kann. Ein l\u00fcckenloser Schutz der Daten vor dem Zugriff durch Dritte ist nicht m\u00f6glich.<\/p>\n\n\n\n<p>Kontaktadresse:<\/p>\n\n\n\n<p>\u00dcPK RRW 2026, c\/o SVP Kanton Bern, Optingenstrasse 1, 3013 Bern<\/p>\n\n\n\n<p>info@bew\u00e4hrt.ch<\/p>\n\n\n\n<p><strong>Cookies<\/strong><\/p>\n\n\n\n<p>Internetseiten verwenden vielfach so genannte Cookies. Cookies dienen dazu, das Angebot nutzerfreundlicher, effektiver und sicherer zu machen. Cookies richten auf Ihrem Rechner keinen Schaden an. Die meisten der von uns verwendeten Cookies sind so genannte \u201eSession-Cookies\u201c. Sie werden nach Ende Ihres Besuchs automatisch gel\u00f6scht. Andere Cookies bleiben auf Ihrem Endger\u00e4t gespeichert, bis Sie diese l\u00f6schen. Diese Cookies erm\u00f6glichen es uns, Ihren Browser beim n\u00e4chsten Besuch wiederzuerkennen. Sie k\u00f6nnen Ihren Browser so einstellen, dass Sie \u00fcber das Setzen von Cookies informiert werden und Cookies nur im Einzelfall erlauben, die Annahme von Cookies f\u00fcr bestimmte F\u00e4lle oder generell ausschliessen sowie das automatische L\u00f6schen der Cookies beim Schliessen des Browsers aktivieren.<\/p>\n\n\n\n<p><strong>Kontaktformulare<\/strong><\/p>\n\n\n\n<p>Mit dem Ausf\u00fcllen eines Kontaktformulars auf dieser Website stimmen Sie zu, dass Ihre Angaben und Daten zur Beantwortung Ihrer Anfrage elektronisch erhoben und gespeichert werden. Sie k\u00f6nnen Ihre Einwilligung jederzeit per E-Mail an info@bew\u00e4hrt.ch widerrufen.<\/p>\n\n\n\n<p><strong>Einsatz von Google Analytics<\/strong><\/p>\n\n\n\n<p>Diese Website benutzt Google Analytics, einen Webanalysedienst der Google Inc. (\u201eGoogle\u201c). Google Analytics verwendet sog. \u201eCookies\u201c, Textdateien, die auf Ihrem Computer gespeichert werden und die eine Analyse der Benutzung der Website durch Sie erm\u00f6glichen. Die durch das Cookie erzeugten Informationen \u00fcber Ihre Benutzung dieser Website werden in der Regel an einen Server von Google in den USA \u00fcbertragen und dort gespeichert. Im Falle der Aktivierung der IP-Anonymisierung auf dieser Website, wird Ihre IP-Adresse von Google jedoch innerhalb von Mitgliedstaaten der Europ\u00e4ischen Union oder in anderen Vertragsstaaten des Abkommens \u00fcber den Europ\u00e4ischen Wirtschaftsraum zuvor gek\u00fcrzt. Nur in Ausnahmef\u00e4llen wird die volle IP-Adresse an einen Server von Google in den USA \u00fcbertragen und dort gek\u00fcrzt. Im Auftrag des Betreibers dieser Website wird Google diese Informationen benutzen, um Ihre Nutzung der Website auszuwerten, um Reports \u00fcber die Websiteaktivit\u00e4ten zusammenzustellen und um weitere mit der Websitenutzung und der Internetnutzung verbundene Dienstleistungen gegen\u00fcber dem Websitebetreiber zu erbringen. Die im Rahmen von Google Analytics von Ihrem Browser \u00fcbermittelte IP-Adresse wird nicht mit anderen Daten von Google zusammengef\u00fchrt. Sie k\u00f6nnen die Speicherung der Cookies durch eine entsprechende Einstellung Ihrer Browser-Software verhindern; wir weisen Sie jedoch darauf hin, dass Sie in diesem Fall gegebenenfalls nicht s\u00e4mtliche Funktionen dieser Website vollumf\u00e4nglich werden nutzen k\u00f6nnen. Sie k\u00f6nnen dar\u00fcber hinaus die Erfassung der durch das Cookie erzeugten und auf Ihre Nutzung der Website bezogenen Daten (inkl. Ihrer IP-Adresse) an Google sowie die Verarbeitung dieser Daten durch Google verhindern, indem Sie das unter dem folgenden Link (http:\/\/tools.google.com\/dlpage\/gaoptout?hl=de) verf\u00fcgbare Browser-Plugin herunterladen und installieren.<\/p>\n\n\n\n<p><strong>Einsatz von MailChimp<\/strong><\/p>\n\n\n\n<p>F\u00fcr den Versand unseres Newsletters verwenden wir den Provider MailChimp. MailChimp ist ein Angebot der The Rocket Science Group, LLC, 512 Means Street, Suite 404 Atlanta, GA 30318, USA als Tochtergesellschaft der Intuit Inc.. Wenn Sie sich f\u00fcr unseren Newsletter registrieren, werden die Daten, die Sie bei der Newsletter-Registrierung angeben, an MailChimp \u00fcbertragen und dort gespeichert. Nach der Anmeldung erhalten Sie von MailChimp eine E-Mail, um Ihre Anmeldung zu best\u00e4tigen (\u201cdouble opt-in\u201d). MailChimp bietet umfangreiche Analysem\u00f6glichkeiten dar\u00fcber, wie die Newsletter ge\u00f6ffnet und benutzt werden. Diese Analysen sind gruppenbezogen und werden von uns nicht zur individuellen Auswertung verwendet. Weitere Informationen zu MailChimp und dem Datenschutz bei Intuit finden Sie hier: https:\/\/www.intuit.com\/privacy\/statement\/ Ihre Einwilligung zur Speicherung der Daten, der Email-Adresse sowie deren Nutzung zum Versand des Newsletters k\u00f6nnen Sie jederzeit widerrufen. Der Widerruf kann \u00fcber einen Link in den Newslettern selbst oder per Mitteilung an info@bew\u00e4hrt.ch erfolgen.<\/p>\n\n\n\n<p><strong>Einsatz von Facebook-Plugins<\/strong><\/p>\n\n\n\n<p>Auf unseren Seiten sind Plugins des sozialen Netzwerks Facebook, 1601 South California Avenue, Palo Alto, CA 94304, USA eingebunden. Wenn Sie unsere Seiten besuchen, wird \u00fcber das Plugin eine direkte Verbindung zwischen Ihrem Browser und dem Facebook-Server hergestellt. Facebook erh\u00e4lt dadurch die Information, dass Sie mit Ihrer IP-Adresse unsere Seite besucht haben. Weitere Informationen hierzu finden Sie in der Datenschutzerkl\u00e4rung von Facebook unter https:\/\/www.facebook.com\/about\/privacy\/ Wenn Sie nicht w\u00fcnschen, dass Facebook den Besuch unserer Seiten Ihrem Facebook-Nutzerkonto zuordnen kann, loggen Sie sich bitte aus Ihrem Facebook-Benutzerkonto aus.<\/p>\n\n<\/div>\n\t<\/div>\n<\/div>\n\n","protected":false},"excerpt":{"rendered":"","protected":false},"author":1,"featured_media":0,"parent":0,"menu_order":0,"comment_status":"closed","ping_status":"closed","template":"","meta":{"_acf_changed":false,"iawp_total_views":2,"footnotes":""},"class_list":["post-431","page","type-page","status-publish","hentry"],"acf":[],"_links":{"self":[{"href":"https:\/\/xn--bewhrt-dua.ch\/fr\/wp-json\/wp\/v2\/pages\/431","targetHints":{"allow":["GET"]}}],"collection":[{"href":"https:\/\/xn--bewhrt-dua.ch\/fr\/wp-json\/wp\/v2\/pages"}],"about":[{"href":"https:\/\/xn--bewhrt-dua.ch\/fr\/wp-json\/wp\/v2\/types\/page"}],"author":[{"embeddable":true,"href":"https:\/\/xn--bewhrt-dua.ch\/fr\/wp-json\/wp\/v2\/users\/1"}],"replies":[{"embeddable":true,"href":"https:\/\/xn--bewhrt-dua.ch\/fr\/wp-json\/wp\/v2\/comments?post=431"}],"version-history":[{"count":5,"href":"https:\/\/xn--bewhrt-dua.ch\/fr\/wp-json\/wp\/v2\/pages\/431\/revisions"}],"predecessor-version":[{"id":517,"href":"https:\/\/xn--bewhrt-dua.ch\/fr\/wp-json\/wp\/v2\/pages\/431\/revisions\/517"}],"wp:attachment":[{"href":"https:\/\/xn--bewhrt-dua.ch\/fr\/wp-json\/wp\/v2\/media?parent=431"}],"curies":[{"name":"wp","href":"https:\/\/api.w.org\/{rel}","templated":true}]}}