{"id":429,"date":"2025-12-10T16:06:17","date_gmt":"2025-12-10T16:06:17","guid":{"rendered":"https:\/\/xn--bewhrt-dua.ch\/?page_id=429"},"modified":"2025-12-18T09:19:03","modified_gmt":"2025-12-18T09:19:03","slug":"impressum","status":"publish","type":"page","link":"https:\/\/xn--bewhrt-dua.ch\/fr\/impressum\/","title":{"rendered":"Impressum"},"content":{"rendered":"\t<div class=\"bg-hero bg-hero--secondary relative py-16 lg:py-20 text-center w-full px-5\" style=\"background-color: rgb(0,159,227);\">\n\t\t<div class=\"bg-hero__content max-w-[1220px] mx-auto flex flex-col items-center gap-4\">\n\t\t\t\t\t\t\t\t\t\t<h2 class=\"bg-hero__title bg-heading-hero-secondary text-brand-white\">\n\t\t\t\t\tImpressum\t\t\t\t<\/h2>\n\t\t\t\t\t\t\t\t\t\t<div class=\"bg-hero__line h-1 w-20 rounded-full\" style=\"background-color: rgb(30,58,138);\"><\/div>\n\t\t\t\t\t\t\t\t<\/div>\n\t<\/div>\n\t\n\n\n<div class=\"bg-wrapper px-5 w-full bg-cards__block wp-block-acf-wrapper\" style=\"background-color: rgb(249,250,251);\" >\n\t<div class=\"bg-wrapper__inner max-w-[1220px] mx-auto py-8 lg:py-12\">\n\t\t<div class=\"acf-innerblocks-container\">\n\n<div class=\"bg-cards px-5\">\n\t<div class=\"max-w-[900px] mx-auto\">\n\t\t\t\t\n\t\t<div class=\"bg-cards__grid innerblocks-contents flex flex-col lg:flex-row w-full no-wrap gap-6 max-w-[900px] mx-auto\">\n\t\t\t<div class=\"acf-innerblocks-container\">\n\n\t<div class=\"bg-card-item bg-brand-white rounded-[10px] p-6 border border-brand-gray-lightest w-full\">\n\t\t<div class=\"bg-card-item__text bg-text-sm text-brand-gray-dark\"><h2><!-- wp:paragraph --><\/h2>\n<p><strong>Comit\u00e9 interpartis pour les \u00e9lections au Conseil-ex\u00e9cutif <\/strong><strong>2026<\/strong><\/p>\n<p><span data-contrast=\"auto\">c\/o SVP Kanton Bern<\/span><\/p>\n<p><span data-contrast=\"auto\">Optingenstrasse 1, <\/span><\/p>\n<p><span data-contrast=\"auto\">3013 Berne<\/span><\/p>\n<!-- \/wp:paragraph --><\/div>\n\t<\/div>\n\n\n\n\n\t<div class=\"bg-card-item bg-brand-white rounded-[10px] p-6 border border-brand-gray-lightest w-full\">\n\t\t<div class=\"bg-card-item__text bg-text-sm text-brand-gray-dark\"><h2><!-- wp:paragraph --><\/h2>\n<p><b><span data-contrast=\"auto\">Contact:<\/span><\/b><\/p>\n<p><span data-contrast=\"auto\">Tel 031 336 16 26<\/span><\/p>\n<p><span data-contrast=\"auto\">E-Mail:\u00a0<\/span><a href=\"mailto:sekretariat@svp-bern.ch\"><span data-contrast=\"none\">sekretariat@svp-bern.ch<\/span><\/a><span data-ccp-props=\"{}\">\u00a0<\/span><\/p>\n<!-- \/wp:paragraph --><\/div>\n\t<\/div>\n\n\n<\/div>\n\t\t<\/div>\n\t<\/div>\n<\/div>\n\n\n<\/div>\n\t<\/div>\n<\/div>\n\n\n\n\n<div class=\"bg-wrapper px-5 w-full bg-cards__block wp-block-acf-wrapper\" style=\"background-color: rgb(249,250,251);\" >\n\t<div class=\"bg-wrapper__inner max-w-[1220px] mx-auto py-8 lg:py-12\">\n\t\t<div class=\"acf-innerblocks-container\">\n\n<p><strong>Haftungsausschluss<\/strong>&nbsp;<\/p>\n\n\n\n<p>Die Autorin bzw. der Autor&nbsp;\u00fcbernimmt keine Gew\u00e4hr f\u00fcr die Richtigkeit, Genauigkeit, Aktualit\u00e4t, Zuverl\u00e4ssigkeit und Vollst\u00e4ndigkeit der Informationen.&nbsp;<\/p>\n\n\n\n<p>Haftungsanspr\u00fcche gegen&nbsp;die Autorin\/den Autor&nbsp;wegen Sch\u00e4den materieller oder immaterieller Art, die aus dem Zugriff oder der Nutzung bzw. Nichtnutzung der ver\u00f6ffentlichten Informationen, durch Missbrauch der Verbindung oder durch technische St\u00f6rungen entstanden sind, werden ausgeschlossen.&nbsp;<\/p>\n\n\n\n<p>Alle Angebote sind freibleibend.&nbsp;Die Autorin\/der Autor&nbsp;beh\u00e4lt es sich ausdr\u00fccklich vor, Teile der Seiten oder das gesamte Angebot ohne gesonderte Ank\u00fcndigung zu ver\u00e4ndern, zu erg\u00e4nzen, zu l\u00f6schen oder die Ver\u00f6ffentlichung zeitweise oder endg\u00fcltig einzustellen.&nbsp;<\/p>\n\n\n\n<p><strong>Haftungsausschluss f\u00fcr Inhalte und Links<\/strong>&nbsp;<\/p>\n\n\n\n<p>Verweise und Links auf Webseiten Dritter liegen ausserhalb unseres Verantwortungsbereichs. Es wird jegliche Verantwortung f\u00fcr solche Webseiten abgelehnt. Der Zugriff und die Nutzung solcher Webseiten erfolgen auf eigene Gefahr des jeweiligen Nutzers.&nbsp;<\/p>\n\n\n\n<p><strong>Urheberrechtserkl\u00e4rung<\/strong>&nbsp;<\/p>\n\n\n\n<p>Die Urheber- und alle anderen Rechte an Inhalten, Bildern, Fotos oder anderen Dateien auf dieser Website, geh\u00f6ren ausschliesslich&nbsp;der SVP Kanton Bern&nbsp;oder den speziell genannten Rechteinhabern. F\u00fcr die Reproduktion jeglicher Elemente ist die schriftliche Zustimmung des Urheberrechtstr\u00e4gers im Voraus einzuholen.&nbsp;<\/p>\n\n<\/div>\n\t<\/div>\n<\/div>\n\n","protected":false},"excerpt":{"rendered":"","protected":false},"author":2,"featured_media":0,"parent":0,"menu_order":0,"comment_status":"closed","ping_status":"closed","template":"","meta":{"_acf_changed":false,"iawp_total_views":6,"footnotes":""},"class_list":["post-429","page","type-page","status-publish","hentry"],"acf":[],"_links":{"self":[{"href":"https:\/\/xn--bewhrt-dua.ch\/fr\/wp-json\/wp\/v2\/pages\/429","targetHints":{"allow":["GET"]}}],"collection":[{"href":"https:\/\/xn--bewhrt-dua.ch\/fr\/wp-json\/wp\/v2\/pages"}],"about":[{"href":"https:\/\/xn--bewhrt-dua.ch\/fr\/wp-json\/wp\/v2\/types\/page"}],"author":[{"embeddable":true,"href":"https:\/\/xn--bewhrt-dua.ch\/fr\/wp-json\/wp\/v2\/users\/2"}],"replies":[{"embeddable":true,"href":"https:\/\/xn--bewhrt-dua.ch\/fr\/wp-json\/wp\/v2\/comments?post=429"}],"version-history":[{"count":5,"href":"https:\/\/xn--bewhrt-dua.ch\/fr\/wp-json\/wp\/v2\/pages\/429\/revisions"}],"predecessor-version":[{"id":512,"href":"https:\/\/xn--bewhrt-dua.ch\/fr\/wp-json\/wp\/v2\/pages\/429\/revisions\/512"}],"wp:attachment":[{"href":"https:\/\/xn--bewhrt-dua.ch\/fr\/wp-json\/wp\/v2\/media?parent=429"}],"curies":[{"name":"wp","href":"https:\/\/api.w.org\/{rel}","templated":true}]}}